{"id":36,"date":"2025-04-04T13:55:38","date_gmt":"2025-04-04T13:55:38","guid":{"rendered":"http:\/\/delfiini.fi\/?page_id=36"},"modified":"2025-08-04T10:26:53","modified_gmt":"2025-08-04T10:26:53","slug":"zen-tie-valaistumiseen-ja-sisaiseen-rauhaan-zen-meditaatio-ja-mindfulness","status":"publish","type":"page","link":"http:\/\/delfiini.fi\/index.php\/zen-tie-valaistumiseen-ja-sisaiseen-rauhaan-zen-meditaatio-ja-mindfulness\/","title":{"rendered":"Zen \u2013 Tie Valaistumiseen ja Sis\u00e4iseen Rauhaan"},"content":{"rendered":"\n<p>Zen on buddhalaisuuden suuntaus, joka korostaa suoraa kokemusta, meditaatiota ja mielen hiljent\u00e4mist\u00e4. Se syntyi Kiinassa 500-luvulla, jossa se tunnettiin nimell\u00e4 Chan, ja levisi my\u00f6hemmin Japaniin, miss\u00e4 se kehittyi omaleimaiseksi Zeniksi. Zen-meditaatio, mindfulness ja l\u00e4sn\u00e4oloharjoitukset ovat keskeisi\u00e4 menetelmi\u00e4, joiden avulla ihminen voi tavoittaa todellisen luontonsa ja sis\u00e4isen rauhan.<\/p>\n\n\n\n<p><br><strong>Zenin periaatteet ja harjoitukset <br><\/strong>Zenin keski\u00f6ss\u00e4 on zazen-meditaatio, jossa istutaan hiljaa ja tarkkaillaan hengityst\u00e4 sek\u00e4 ajatusten virtaa ilman takertumista niihin. Opetukset v\u00e4litet\u00e4\u00e4n usein koanien \u2013 paradoksaalisten kysymysten \u2013 avulla, jotka haastavat loogisen ajattelun ja ohjaavat syvemp\u00e4\u00e4n ymm\u00e4rrykseen. Tavoitteena ei ole pelkk\u00e4 \u00e4lyllinen oivallus, vaan suora kokemus todellisuudesta ilman mielen esteit\u00e4.<\/p>\n\n\n\n<p><br><strong>Zen ja arjen el\u00e4m\u00e4 <br><\/strong>Zen ei ole vain meditaatiota, vaan my\u00f6s tapa el\u00e4\u00e4. Se opettaa keskittym\u00e4\u00e4n nykyhetkeen ja tekem\u00e4\u00e4n jokaisesta toiminnasta tietoisen ja merkityksellisen. Minimalismi, yksinkertaisuus ja luonnon arvostus ovat keskeisi\u00e4 arvoja Zeniss\u00e4. Japanilaisessa kulttuurissa Zenin vaikutus n\u00e4kyy esimerkiksi teetaiteessa, taistelulajeissa ja kalligrafiassa.<\/p>\n\n\n\n<p><br><strong>Zenin vaikutus nykyaikana <br><\/strong>Zenin opetukset ovat yh\u00e4 ajankohtaisia ja inspiroivat monia itsetutkiskeluun, tietoiseen el\u00e4m\u00e4\u00e4n ja stressinhallintaan. Mindfulness-harjoitukset ja meditointi ovat Zenin perint\u00f6\u00e4, ja niiden vaikutus n\u00e4kyy my\u00f6s psykologiassa ja ty\u00f6hyvinvoinnissa. Zenin ydinviesti on yksinkertainen: el\u00e4 t\u00e4ss\u00e4 ja nyt, ole tietoinen ja koe el\u00e4m\u00e4 suoraan ilman mielen rajoitteita.<\/p>\n\n\n\n<p><strong>Suositellut Zen-kirjat<br><\/strong>Jos haluat syventy\u00e4 Zenin maailmaan, suosittelemme seuraavia kirjoja:<br><em>Eugen Herrigel \u2013 Zen ja jousella ampumisen taito<br>Shunryu Suzuki \u2013 Zenin mieli, aloittelijan mieli<br>Philip Kapleau \u2013 Kolme pilaria Zeniss\u00e4<\/em><\/p>\n\n\n\n<p><br>Kirjoja l\u00f6yd\u00e4t verkkokauppastamme osoitteesta: <strong>www.uniomystica.fi<\/strong> tai kivijalkamyym\u00e4l\u00e4st\u00e4 osoitteessa Yrj\u00f6nkatu 8, 00120 Helsinki. Tervetuloa!<\/p>\n","protected":false},"excerpt":{"rendered":"<p>Zen on buddhalaisuuden suuntaus, joka korostaa suoraa kokemusta, meditaatiota ja mielen hiljent\u00e4mist\u00e4. Se syntyi Kiinassa 500-luvulla, jossa se tunnettiin nimell\u00e4 Chan, ja levisi my\u00f6hemmin Japaniin, miss\u00e4 se kehittyi omaleimaiseksi Zeniksi. Zen-meditaatio, mindfulness ja l\u00e4sn\u00e4oloharjoitukset ovat keskeisi\u00e4 menetelmi\u00e4, joiden avulla ihminen voi tavoittaa todellisen luontonsa ja sis\u00e4isen rauhan. Zenin periaatteet ja harjoitukset Zenin keski\u00f6ss\u00e4 on zazen-meditaatio, [&hellip;]<\/p>\n","protected":false},"author":1,"featured_media":48,"parent":0,"menu_order":0,"comment_status":"closed","ping_status":"closed","template":"","meta":{"footnotes":""},"class_list":["post-36","page","type-page","status-publish","has-post-thumbnail","hentry"],"_links":{"self":[{"href":"http:\/\/delfiini.fi\/index.php\/wp-json\/wp\/v2\/pages\/36","targetHints":{"allow":["GET"]}}],"collection":[{"href":"http:\/\/delfiini.fi\/index.php\/wp-json\/wp\/v2\/pages"}],"about":[{"href":"http:\/\/delfiini.fi\/index.php\/wp-json\/wp\/v2\/types\/page"}],"author":[{"embeddable":true,"href":"http:\/\/delfiini.fi\/index.php\/wp-json\/wp\/v2\/users\/1"}],"replies":[{"embeddable":true,"href":"http:\/\/delfiini.fi\/index.php\/wp-json\/wp\/v2\/comments?post=36"}],"version-history":[{"count":2,"href":"http:\/\/delfiini.fi\/index.php\/wp-json\/wp\/v2\/pages\/36\/revisions"}],"predecessor-version":[{"id":80,"href":"http:\/\/delfiini.fi\/index.php\/wp-json\/wp\/v2\/pages\/36\/revisions\/80"}],"wp:featuredmedia":[{"embeddable":true,"href":"http:\/\/delfiini.fi\/index.php\/wp-json\/wp\/v2\/media\/48"}],"wp:attachment":[{"href":"http:\/\/delfiini.fi\/index.php\/wp-json\/wp\/v2\/media?parent=36"}],"curies":[{"name":"wp","href":"https:\/\/api.w.org\/{rel}","templated":true}]}}